{"id":11,"date":"2024-04-11T01:24:50","date_gmt":"2024-04-11T01:24:50","guid":{"rendered":"https:\/\/querendona.com\/mx\/?page_id=11"},"modified":"2026-02-11T09:39:13","modified_gmt":"2026-02-11T15:39:13","slug":"inicio","status":"publish","type":"page","link":"https:\/\/querendona.com\/mx\/","title":{"rendered":"Inicio"},"content":{"rendered":"\t\t<div data-elementor-type=\"wp-page\" data-elementor-id=\"11\" class=\"elementor elementor-11\" data-elementor-post-type=\"page\">\n\t\t\t\t<div class=\"elementor-element elementor-element-d553ae7 animated-slow e-flex e-con-boxed elementor-invisible e-con e-parent\" data-id=\"d553ae7\" data-element_type=\"container\" data-e-type=\"container\" data-settings=\"{&quot;background_background&quot;:&quot;video&quot;,&quot;background_video_link&quot;:&quot;https:\\\/\\\/querendona.com\\\/us\\\/wp-content\\\/uploads\\\/sites\\\/2\\\/2025\\\/11\\\/new-hero-banner.webm&quot;,&quot;background_play_on_mobile&quot;:&quot;yes&quot;,&quot;jet_parallax_layout_list&quot;:[],&quot;animation&quot;:&quot;fadeIn&quot;}\">\n\t\t\t\t\t<div class=\"e-con-inner\">\n\t\t<div class=\"elementor-background-video-container\">\n\t\t\t\t\t\t\t<video class=\"elementor-background-video-hosted\" role=\"presentation\" autoplay muted playsinline loop><\/video>\n\t\t\t\t\t<\/div>\t\t<div class=\"elementor-element elementor-element-7e6c3e77 elementor-widget elementor-widget-heading\" data-id=\"7e6c3e77\" data-element_type=\"widget\" data-e-type=\"widget\" data-widget_type=\"heading.default\">\n\t\t\t\t\t<h2 class=\"elementor-heading-title elementor-size-default\">Descubre<\/h2>\t\t\t\t<\/div>\n\t\t\t\t<div class=\"elementor-element elementor-element-7795044b elementor-widget elementor-widget-heading\" data-id=\"7795044b\" data-element_type=\"widget\" data-e-type=\"widget\" data-widget_type=\"heading.default\">\n\t\t\t\t\t<h2 class=\"elementor-heading-title elementor-size-default\">\u00a1El mejor <br> sabor <br> mexicano!<\/h2>\t\t\t\t<\/div>\n\t\t\t\t<div class=\"elementor-element elementor-element-2affdff7 elementor-align-left elementor-widget elementor-widget-button\" data-id=\"2affdff7\" data-element_type=\"widget\" data-e-type=\"widget\" data-widget_type=\"button.default\">\n\t\t\t\t\t\t\t\t\t\t<a class=\"elementor-button elementor-button-link elementor-size-sm elementor-animation-grow\" href=\"\/mx\/tienda\/\">\n\t\t\t\t\t\t<span class=\"elementor-button-content-wrapper\">\n\t\t\t\t\t\t\t\t\t<span class=\"elementor-button-text\">Ir a la tienda<\/span>\n\t\t\t\t\t<\/span>\n\t\t\t\t\t<\/a>\n\t\t\t\t\t\t\t\t<\/div>\n\t\t\t\t\t<\/div>\n\t\t\t\t<\/div>\n\t\t<div class=\"elementor-element elementor-element-b63a3e8 e-flex e-con-boxed e-con e-parent\" data-id=\"b63a3e8\" data-element_type=\"container\" data-e-type=\"container\" data-settings=\"{&quot;jet_parallax_layout_list&quot;:[],&quot;background_background&quot;:&quot;classic&quot;}\">\n\t\t\t\t\t<div class=\"e-con-inner\">\n\t\t<div class=\"elementor-element elementor-element-10356f0 e-con-full e-flex e-con e-child\" data-id=\"10356f0\" data-element_type=\"container\" data-e-type=\"container\" data-settings=\"{&quot;jet_parallax_layout_list&quot;:[]}\">\n\t\t\t\t<div class=\"elementor-element elementor-element-89d81d2 animated-slow elementor-invisible elementor-widget elementor-widget-heading\" data-id=\"89d81d2\" data-element_type=\"widget\" data-e-type=\"widget\" data-settings=\"{&quot;_animation&quot;:&quot;fadeInLeft&quot;}\" data-widget_type=\"heading.default\">\n\t\t\t\t\t<h2 class=\"elementor-heading-title elementor-size-default\">Nuestras Salsas y Tama\u00f1os<\/h2>\t\t\t\t<\/div>\n\t\t\t\t<div class=\"elementor-element elementor-element-9c678d7 animated-slow elementor-widget-divider--view-line elementor-invisible elementor-widget elementor-widget-divider\" data-id=\"9c678d7\" data-element_type=\"widget\" data-e-type=\"widget\" data-settings=\"{&quot;_animation&quot;:&quot;jello&quot;}\" data-widget_type=\"divider.default\">\n\t\t\t\t\t\t\t<div class=\"elementor-divider\">\n\t\t\t<span class=\"elementor-divider-separator\">\n\t\t\t\t\t\t<\/span>\n\t\t<\/div>\n\t\t\t\t\t\t<\/div>\n\t\t\t\t<div class=\"elementor-element elementor-element-1e232c1 animated-slow elementor-invisible elementor-widget elementor-widget-heading\" data-id=\"1e232c1\" data-element_type=\"widget\" data-e-type=\"widget\" data-settings=\"{&quot;_animation&quot;:&quot;fadeIn&quot;,&quot;_animation_delay&quot;:&quot;100&quot;}\" data-widget_type=\"heading.default\">\n\t\t\t\t\t<h4 class=\"elementor-heading-title elementor-size-default\">Adaptados para satisfacer cada necesidad<\/h4>\t\t\t\t<\/div>\n\t\t\t\t<div class=\"elementor-element elementor-element-50aa6c9 elementor-align-left elementor-mobile-align-center elementor-mobile_extra-align-center elementor-widget elementor-widget-button\" data-id=\"50aa6c9\" data-element_type=\"widget\" data-e-type=\"widget\" data-widget_type=\"button.default\">\n\t\t\t\t\t\t\t\t\t\t<a class=\"elementor-button elementor-button-link elementor-size-sm\" href=\"\/mx\/tienda\/\">\n\t\t\t\t\t\t<span class=\"elementor-button-content-wrapper\">\n\t\t\t\t\t\t\t\t\t<span class=\"elementor-button-text\">Ver M\u00e1s Productos<\/span>\n\t\t\t\t\t<\/span>\n\t\t\t\t\t<\/a>\n\t\t\t\t\t\t\t\t<\/div>\n\t\t\t\t<\/div>\n\t\t<a class=\"elementor-element elementor-element-82e3eb0 e-con-full e-flex e-con e-child\" data-id=\"82e3eb0\" data-element_type=\"container\" data-e-type=\"container\" data-settings=\"{&quot;jet_parallax_layout_list&quot;:[]}\" href=\"\/mx\/tienda\/\">\n\t\t<div class=\"elementor-element elementor-element-c20e672 e-con-full e-flex e-con e-child\" data-id=\"c20e672\" data-element_type=\"container\" data-e-type=\"container\" data-settings=\"{&quot;jet_parallax_layout_list&quot;:[]}\">\n\t\t\t\t<div class=\"elementor-element elementor-element-5d4bc82 elementor-widget elementor-widget-image\" data-id=\"5d4bc82\" data-element_type=\"widget\" data-e-type=\"widget\" data-widget_type=\"image.default\">\n\t\t\t\t\t\t\t\t\t\t\t\t\t\t\t<img fetchpriority=\"high\" decoding=\"async\" width=\"640\" height=\"854\" src=\"https:\/\/querendona.com\/mx\/wp-content\/uploads\/sites\/3\/2025\/11\/galon.gif\" class=\"attachment-large size-large wp-image-4791\" alt=\"\" \/>\t\t\t\t\t\t\t\t\t\t\t\t\t\t\t<\/div>\n\t\t\t\t<\/div>\n\t\t<div class=\"elementor-element elementor-element-6508e54 e-con-full e-flex e-con e-child\" data-id=\"6508e54\" data-element_type=\"container\" data-e-type=\"container\" data-settings=\"{&quot;jet_parallax_layout_list&quot;:[]}\">\n\t\t\t\t<div class=\"elementor-element elementor-element-1354d3b elementor-widget elementor-widget-image\" data-id=\"1354d3b\" data-element_type=\"widget\" data-e-type=\"widget\" data-widget_type=\"image.default\">\n\t\t\t\t\t\t\t\t\t\t\t\t\t\t\t<img decoding=\"async\" width=\"640\" height=\"854\" src=\"https:\/\/querendona.com\/mx\/wp-content\/uploads\/sites\/3\/2025\/11\/botella.gif\" class=\"attachment-large size-large wp-image-4790\" alt=\"\" \/>\t\t\t\t\t\t\t\t\t\t\t\t\t\t\t<\/div>\n\t\t\t\t<\/div>\n\t\t<div class=\"elementor-element elementor-element-161f679 e-con-full e-flex e-con e-child\" data-id=\"161f679\" data-element_type=\"container\" data-e-type=\"container\" data-settings=\"{&quot;jet_parallax_layout_list&quot;:[]}\">\n\t\t\t\t<div class=\"elementor-element elementor-element-08929de elementor-widget elementor-widget-image\" data-id=\"08929de\" data-element_type=\"widget\" data-e-type=\"widget\" data-widget_type=\"image.default\">\n\t\t\t\t\t\t\t\t\t\t\t\t\t\t\t<img decoding=\"async\" width=\"640\" height=\"854\" src=\"https:\/\/querendona.com\/mx\/wp-content\/uploads\/sites\/3\/2025\/11\/420.gif\" class=\"attachment-large size-large wp-image-4789\" alt=\"\" \/>\t\t\t\t\t\t\t\t\t\t\t\t\t\t\t<\/div>\n\t\t\t\t<\/div>\n\t\t<div class=\"elementor-element elementor-element-6d8c609 e-con-full e-flex e-con e-child\" data-id=\"6d8c609\" data-element_type=\"container\" data-e-type=\"container\" data-settings=\"{&quot;jet_parallax_layout_list&quot;:[]}\">\n\t\t\t\t<div class=\"elementor-element elementor-element-c75a73a elementor-widget elementor-widget-image\" data-id=\"c75a73a\" data-element_type=\"widget\" data-e-type=\"widget\" data-widget_type=\"image.default\">\n\t\t\t\t\t\t\t\t\t\t\t\t\t\t\t<img loading=\"lazy\" decoding=\"async\" width=\"640\" height=\"854\" src=\"https:\/\/querendona.com\/mx\/wp-content\/uploads\/sites\/3\/2025\/11\/pocket.gif\" class=\"attachment-large size-large wp-image-4792\" alt=\"\" \/>\t\t\t\t\t\t\t\t\t\t\t\t\t\t\t<\/div>\n\t\t\t\t<\/div>\n\t\t\t\t<\/a>\n\t\t\t\t\t<\/div>\n\t\t\t\t<\/div>\n\t\t<div class=\"elementor-element elementor-element-6053b83 e-flex e-con-boxed e-con e-child\" data-id=\"6053b83\" data-element_type=\"container\" data-e-type=\"container\" data-settings=\"{&quot;jet_parallax_layout_list&quot;:[],&quot;background_background&quot;:&quot;classic&quot;}\">\n\t\t\t\t\t<div class=\"e-con-inner\">\n\t\t\t\t<div class=\"elementor-element elementor-element-ec12e66 animated-slow elementor-align-center elementor-invisible elementor-widget elementor-widget-lottie\" data-id=\"ec12e66\" data-element_type=\"widget\" data-e-type=\"widget\" data-settings=\"{&quot;source_json&quot;:{&quot;url&quot;:&quot;https:\\\/\\\/querendona.com\\\/mx\\\/wp-content\\\/uploads\\\/sites\\\/3\\\/2024\\\/08\\\/light.json&quot;,&quot;id&quot;:&quot;177&quot;,&quot;size&quot;:&quot;&quot;,&quot;alt&quot;:&quot;&quot;,&quot;source&quot;:&quot;library&quot;},&quot;loop&quot;:&quot;yes&quot;,&quot;_animation&quot;:&quot;rotateIn&quot;,&quot;source&quot;:&quot;media_file&quot;,&quot;caption_source&quot;:&quot;none&quot;,&quot;link_to&quot;:&quot;none&quot;,&quot;trigger&quot;:&quot;arriving_to_viewport&quot;,&quot;viewport&quot;:{&quot;unit&quot;:&quot;%&quot;,&quot;size&quot;:&quot;&quot;,&quot;sizes&quot;:{&quot;start&quot;:0,&quot;end&quot;:100}},&quot;play_speed&quot;:{&quot;unit&quot;:&quot;px&quot;,&quot;size&quot;:1,&quot;sizes&quot;:[]},&quot;start_point&quot;:{&quot;unit&quot;:&quot;%&quot;,&quot;size&quot;:0,&quot;sizes&quot;:[]},&quot;end_point&quot;:{&quot;unit&quot;:&quot;%&quot;,&quot;size&quot;:100,&quot;sizes&quot;:[]},&quot;renderer&quot;:&quot;svg&quot;}\" data-widget_type=\"lottie.default\">\n\t\t\t\t\t<div class=\"e-lottie__container\"><div class=\"e-lottie__animation\"><\/div><\/div>\t\t\t\t<\/div>\n\t\t\t\t<div class=\"elementor-element elementor-element-0caca90 animated-slow elementor-invisible elementor-widget elementor-widget-heading\" data-id=\"0caca90\" data-element_type=\"widget\" data-e-type=\"widget\" data-settings=\"{&quot;_animation&quot;:&quot;fadeInLeft&quot;}\" data-widget_type=\"heading.default\">\n\t\t\t\t\t<h1 class=\"elementor-heading-title elementor-size-default\">Salsas Mexicanas y para Alitas<\/h1>\t\t\t\t<\/div>\n\t\t\t\t<div class=\"elementor-element elementor-element-44d2f34 animated-slow elementor-widget-divider--view-line elementor-invisible elementor-widget elementor-widget-divider\" data-id=\"44d2f34\" data-element_type=\"widget\" data-e-type=\"widget\" data-settings=\"{&quot;_animation&quot;:&quot;jello&quot;}\" data-widget_type=\"divider.default\">\n\t\t\t\t\t\t\t<div class=\"elementor-divider\">\n\t\t\t<span class=\"elementor-divider-separator\">\n\t\t\t\t\t\t<\/span>\n\t\t<\/div>\n\t\t\t\t\t\t<\/div>\n\t\t\t\t<div class=\"elementor-element elementor-element-375ac4f animated-slow elementor-invisible elementor-widget elementor-widget-heading\" data-id=\"375ac4f\" data-element_type=\"widget\" data-e-type=\"widget\" data-settings=\"{&quot;_animation&quot;:&quot;fadeIn&quot;,&quot;_animation_delay&quot;:&quot;100&quot;}\" data-widget_type=\"heading.default\">\n\t\t\t\t\t<h4 class=\"elementor-heading-title elementor-size-default\">Perfecto para los amantes de la comida mexicana, con aut\u00e9nticos sabores de M\u00e9xico.<\/h4>\t\t\t\t<\/div>\n\t\t\t\t<div class=\"elementor-element elementor-element-9e63ffd animated-slow elementor-invisible elementor-widget elementor-widget-text-editor\" data-id=\"9e63ffd\" data-element_type=\"widget\" data-e-type=\"widget\" data-settings=\"{&quot;_animation&quot;:&quot;fadeInUp&quot;}\" data-widget_type=\"text-editor.default\">\n\t\t\t\t\t\t\t\t\t<p>Cada una de nuestras salsas y aderezos est\u00e1 meticulosamente elaborada a mano en peque\u00f1os lotes, siguiendo recetas tradicionales que capturan la verdadera esencia de la herencia culinaria mexicana. Este enfoque artesanal garantiza que cada cucharada ofrezca una experiencia de sabor aut\u00e9ntica y deliciosa, transportando tus sentidos directamente al coraz\u00f3n de M\u00e9xico. Disfruta de los ricos y vibrantes sabores que nuestros ingredientes cuidadosamente seleccionados aportan a tu mesa, elaborados con pasi\u00f3n y precisi\u00f3n.<\/p>\t\t\t\t\t\t\t\t<\/div>\n\t\t\t\t\t<\/div>\n\t\t\t\t<\/div>\n\t\t<div class=\"elementor-element elementor-element-9e24481 e-flex e-con-boxed e-con e-parent\" data-id=\"9e24481\" data-element_type=\"container\" data-e-type=\"container\" data-settings=\"{&quot;background_background&quot;:&quot;classic&quot;,&quot;jet_parallax_layout_list&quot;:[]}\">\n\t\t\t\t\t<div class=\"e-con-inner\">\n\t\t<div class=\"elementor-element elementor-element-c1ba309 e-con-full e-flex e-con e-child\" data-id=\"c1ba309\" data-element_type=\"container\" data-e-type=\"container\" data-settings=\"{&quot;jet_parallax_layout_list&quot;:[]}\">\n\t\t\t\t<div class=\"elementor-element elementor-element-c1cce7e animated-slow elementor-invisible elementor-widget elementor-widget-heading\" data-id=\"c1cce7e\" data-element_type=\"widget\" data-e-type=\"widget\" data-settings=\"{&quot;_animation&quot;:&quot;fadeInLeft&quot;}\" data-widget_type=\"heading.default\">\n\t\t\t\t\t<h2 class=\"elementor-heading-title elementor-size-default\">Sobre Nosotros<\/h2>\t\t\t\t<\/div>\n\t\t\t\t<div class=\"elementor-element elementor-element-af9791b animated-slow elementor-widget-divider--view-line elementor-invisible elementor-widget elementor-widget-divider\" data-id=\"af9791b\" data-element_type=\"widget\" data-e-type=\"widget\" data-settings=\"{&quot;_animation&quot;:&quot;jello&quot;}\" data-widget_type=\"divider.default\">\n\t\t\t\t\t\t\t<div class=\"elementor-divider\">\n\t\t\t<span class=\"elementor-divider-separator\">\n\t\t\t\t\t\t<\/span>\n\t\t<\/div>\n\t\t\t\t\t\t<\/div>\n\t\t\t\t<div class=\"elementor-element elementor-element-a4bdd99 animated-slow elementor-invisible elementor-widget elementor-widget-heading\" data-id=\"a4bdd99\" data-element_type=\"widget\" data-e-type=\"widget\" data-settings=\"{&quot;_animation&quot;:&quot;fadeIn&quot;,&quot;_animation_delay&quot;:&quot;100&quot;}\" data-widget_type=\"heading.default\">\n\t\t\t\t\t<h4 class=\"elementor-heading-title elementor-size-default\">Descubre nuestra historia - Estamos certificados<\/h4>\t\t\t\t<\/div>\n\t\t\t\t<div class=\"elementor-element elementor-element-ebf4ddc animated-slow elementor-invisible elementor-widget elementor-widget-text-editor\" data-id=\"ebf4ddc\" data-element_type=\"widget\" data-e-type=\"widget\" data-settings=\"{&quot;_animation&quot;:&quot;fadeInUp&quot;}\" data-widget_type=\"text-editor.default\">\n\t\t\t\t\t\t\t\t\t<p>Nuestra historia comenz\u00f3 en 2011 con un sue\u00f1o simple pero apasionado: llevar los aut\u00e9nticos sabores de M\u00e9xico a cada hogar mientras preservamos las tradiciones y t\u00e9cnicas culinarias transmitidas a trav\u00e9s de nuestras generaciones. Nacidos en el coraz\u00f3n de Saltillo, Coahuila, M\u00e9xico, nuestra misi\u00f3n ha sido compartir las delicias de nuestra cocina con el mundo a trav\u00e9s de nuestras salsas y marinadas, cada una mezclada con amor y respeto por nuestras ra\u00edces.<\/p>\t\t\t\t\t\t\t\t<\/div>\n\t\t\t\t<div class=\"elementor-element elementor-element-2a77579 elementor-align-left animated-slow elementor-invisible elementor-widget elementor-widget-button\" data-id=\"2a77579\" data-element_type=\"widget\" data-e-type=\"widget\" data-settings=\"{&quot;_animation&quot;:&quot;bounceInLeft&quot;}\" data-widget_type=\"button.default\">\n\t\t\t\t\t\t\t\t\t\t<a class=\"elementor-button elementor-button-link elementor-size-sm elementor-animation-grow\" href=\"\/mx\/nosotros\/\">\n\t\t\t\t\t\t<span class=\"elementor-button-content-wrapper\">\n\t\t\t\t\t\t<span class=\"elementor-button-icon\">\n\t\t\t\t<i aria-hidden=\"true\" class=\"fas fa-arrow-alt-circle-right\"><\/i>\t\t\t<\/span>\n\t\t\t\t\t\t\t\t\t<span class=\"elementor-button-text\">Leer m\u00e1s<\/span>\n\t\t\t\t\t<\/span>\n\t\t\t\t\t<\/a>\n\t\t\t\t\t\t\t\t<\/div>\n\t\t\t\t<\/div>\n\t\t\t\t<div class=\"elementor-element elementor-element-ac3556f elementor-widget__width-initial elementor-widget elementor-widget-video\" data-id=\"ac3556f\" data-element_type=\"widget\" data-e-type=\"widget\" data-settings=\"{&quot;video_type&quot;:&quot;hosted&quot;,&quot;autoplay&quot;:&quot;yes&quot;,&quot;play_on_mobile&quot;:&quot;yes&quot;,&quot;mute&quot;:&quot;yes&quot;,&quot;loop&quot;:&quot;yes&quot;,&quot;controls&quot;:&quot;yes&quot;}\" data-widget_type=\"video.default\">\n\t\t\t\t\t\t\t<div class=\"e-hosted-video elementor-wrapper elementor-open-inline\">\n\t\t\t\t\t<video class=\"elementor-video\" src=\"https:\/\/querendona.com\/mx\/wp-content\/uploads\/sites\/3\/2024\/11\/salsas-querendona.webm\" autoplay=\"\" loop=\"\" controls=\"\" muted=\"muted\" playsinline=\"\" controlsList=\"nodownload\"><\/video>\n\t\t\t\t<\/div>\n\t\t\t\t\t\t<\/div>\n\t\t\t\t\t<\/div>\n\t\t\t\t<\/div>\n\t\t<div class=\"elementor-element elementor-element-4410d3a e-flex e-con-boxed e-con e-parent\" data-id=\"4410d3a\" data-element_type=\"container\" data-e-type=\"container\" data-settings=\"{&quot;jet_parallax_layout_list&quot;:[]}\">\n\t\t\t\t\t<div class=\"e-con-inner\">\n\t\t\t\t<div class=\"elementor-element elementor-element-c8669c2 elementor-widget elementor-widget-heading\" data-id=\"c8669c2\" data-element_type=\"widget\" data-e-type=\"widget\" data-widget_type=\"heading.default\">\n\t\t\t\t\t<h2 class=\"elementor-heading-title elementor-size-default\">Proveedores<\/h2>\t\t\t\t<\/div>\n\t\t\t\t<div class=\"elementor-element elementor-element-49d24c9 animated-slow elementor-widget-divider--view-line elementor-invisible elementor-widget elementor-widget-divider\" data-id=\"49d24c9\" data-element_type=\"widget\" data-e-type=\"widget\" data-settings=\"{&quot;_animation&quot;:&quot;jello&quot;}\" data-widget_type=\"divider.default\">\n\t\t\t\t\t\t\t<div class=\"elementor-divider\">\n\t\t\t<span class=\"elementor-divider-separator\">\n\t\t\t\t\t\t<\/span>\n\t\t<\/div>\n\t\t\t\t\t\t<\/div>\n\t\t\t\t<div class=\"elementor-element elementor-element-3e9c38f animated-slow elementor-invisible elementor-widget elementor-widget-heading\" data-id=\"3e9c38f\" data-element_type=\"widget\" data-e-type=\"widget\" data-settings=\"{&quot;_animation&quot;:&quot;fadeIn&quot;,&quot;_animation_delay&quot;:&quot;100&quot;}\" data-widget_type=\"heading.default\">\n\t\t\t\t\t<h4 class=\"elementor-heading-title elementor-size-default\">Valoramos la relaci\u00f3n con nuestros proveedores.<\/h4>\t\t\t\t<\/div>\n\t\t\t\t<div class=\"elementor-element elementor-element-aaed023 animated-slow elementor-invisible elementor-widget elementor-widget-text-editor\" data-id=\"aaed023\" data-element_type=\"widget\" data-e-type=\"widget\" data-settings=\"{&quot;_animation&quot;:&quot;fadeInUp&quot;}\" data-widget_type=\"text-editor.default\">\n\t\t\t\t\t\t\t\t\t<p>Estamos orgullosos de asociarnos con proveedores l\u00edderes en servicios alimentarios para asegurar que nuestros productos sean accesibles y est\u00e9n disponibles para un amplio p\u00fablico. Juntos, estamos comprometidos con la excelencia y con llevar lo mejor de los sabores a las mesas en todas partes.<\/p>\t\t\t\t\t\t\t\t<\/div>\n\t\t<div class=\"elementor-element elementor-element-9d85001 e-con-full animated-slow e-flex elementor-invisible e-con e-child\" data-id=\"9d85001\" data-element_type=\"container\" data-e-type=\"container\" data-settings=\"{&quot;jet_parallax_layout_list&quot;:[],&quot;animation&quot;:&quot;fadeInRight&quot;}\">\n\t\t\t\t<div class=\"elementor-element elementor-element-7c6f3bf elementor-widget elementor-widget-image\" data-id=\"7c6f3bf\" data-element_type=\"widget\" data-e-type=\"widget\" data-widget_type=\"image.default\">\n\t\t\t\t\t\t\t\t\t\t\t\t\t\t\t<img loading=\"lazy\" decoding=\"async\" width=\"512\" height=\"212\" src=\"https:\/\/querendona.com\/mx\/wp-content\/uploads\/sites\/3\/2024\/11\/alsuper-logo.png\" class=\"attachment-full size-full wp-image-1829\" alt=\"Logo alsuper\" srcset=\"https:\/\/querendona.com\/mx\/wp-content\/uploads\/sites\/3\/2024\/11\/alsuper-logo.png 512w, https:\/\/querendona.com\/mx\/wp-content\/uploads\/sites\/3\/2024\/11\/alsuper-logo-300x124.png 300w\" sizes=\"(max-width: 512px) 100vw, 512px\" \/>\t\t\t\t\t\t\t\t\t\t\t\t\t\t\t<\/div>\n\t\t\t\t<\/div>\n\t\t\t\t\t<\/div>\n\t\t\t\t<\/div>\n\t\t<div class=\"elementor-element elementor-element-44aa31b animated-slow e-flex e-con-boxed elementor-invisible e-con e-parent\" data-id=\"44aa31b\" data-element_type=\"container\" data-e-type=\"container\" data-settings=\"{&quot;background_background&quot;:&quot;gradient&quot;,&quot;jet_parallax_layout_list&quot;:[],&quot;animation&quot;:&quot;fadeIn&quot;,&quot;animation_delay&quot;:&quot;200&quot;}\">\n\t\t\t\t\t<div class=\"e-con-inner\">\n\t\t\t\t<div class=\"elementor-element elementor-element-a6c09a6 elementor-widget elementor-widget-image\" data-id=\"a6c09a6\" data-element_type=\"widget\" data-e-type=\"widget\" data-widget_type=\"image.default\">\n\t\t\t\t\t\t\t\t\t\t\t\t\t\t\t<img loading=\"lazy\" decoding=\"async\" width=\"440\" height=\"178\" src=\"https:\/\/querendona.com\/mx\/wp-content\/uploads\/sites\/3\/2024\/08\/sqf.png\" class=\"attachment-full size-full wp-image-165\" alt=\"\" srcset=\"https:\/\/querendona.com\/mx\/wp-content\/uploads\/sites\/3\/2024\/08\/sqf.png 440w, https:\/\/querendona.com\/mx\/wp-content\/uploads\/sites\/3\/2024\/08\/sqf-300x121.png 300w\" sizes=\"(max-width: 440px) 100vw, 440px\" \/>\t\t\t\t\t\t\t\t\t\t\t\t\t\t\t<\/div>\n\t\t\t\t<div class=\"elementor-element elementor-element-8b0bd4d elementor-widget elementor-widget-text-editor\" data-id=\"8b0bd4d\" data-element_type=\"widget\" data-e-type=\"widget\" data-widget_type=\"text-editor.default\">\n\t\t\t\t\t\t\t\t\t<p>En Querendona, nos enorgullecemos de la calidad y seguridad de nuestros productos. Estamos certificados por SQF (Safe Quality Food), uno de los est\u00e1ndares m\u00e1s altos del mundo en seguridad y calidad alimentaria. Esta certificaci\u00f3n garantiza que nuestros productos cumplen con rigurosos est\u00e1ndares de seguridad y calidad en cada etapa del proceso de producci\u00f3n.<\/p>\t\t\t\t\t\t\t\t<\/div>\n\t\t\t\t\t<\/div>\n\t\t\t\t<\/div>\n\t\t\t\t<\/div>\n\t\t","protected":false},"excerpt":{"rendered":"<p>Descubre \u00a1El mejor sabor mexicano! Ir a la tienda Nuestras Salsas y Tama\u00f1os Adaptados para satisfacer cada necesidad Ver M\u00e1s Productos Salsas Mexicanas y para Alitas Perfecto para los amantes de la comida mexicana, con aut\u00e9nticos sabores de M\u00e9xico. Cada una de nuestras salsas y aderezos est\u00e1 meticulosamente elaborada a mano en peque\u00f1os lotes, siguiendo [&hellip;]<\/p>\n","protected":false},"author":1,"featured_media":0,"parent":0,"menu_order":0,"comment_status":"closed","ping_status":"closed","template":"","meta":{"footnotes":""},"class_list":["post-11","page","type-page","status-publish","hentry"],"jetpack_sharing_enabled":true,"_links":{"self":[{"href":"https:\/\/querendona.com\/mx\/wp-json\/wp\/v2\/pages\/11","targetHints":{"allow":["GET"]}}],"collection":[{"href":"https:\/\/querendona.com\/mx\/wp-json\/wp\/v2\/pages"}],"about":[{"href":"https:\/\/querendona.com\/mx\/wp-json\/wp\/v2\/types\/page"}],"author":[{"embeddable":true,"href":"https:\/\/querendona.com\/mx\/wp-json\/wp\/v2\/users\/1"}],"replies":[{"embeddable":true,"href":"https:\/\/querendona.com\/mx\/wp-json\/wp\/v2\/comments?post=11"}],"version-history":[{"count":114,"href":"https:\/\/querendona.com\/mx\/wp-json\/wp\/v2\/pages\/11\/revisions"}],"predecessor-version":[{"id":4982,"href":"https:\/\/querendona.com\/mx\/wp-json\/wp\/v2\/pages\/11\/revisions\/4982"}],"wp:attachment":[{"href":"https:\/\/querendona.com\/mx\/wp-json\/wp\/v2\/media?parent=11"}],"curies":[{"name":"wp","href":"https:\/\/api.w.org\/{rel}","templated":true}]}}