{"id":69,"date":"2024-07-30T18:58:56","date_gmt":"2024-07-30T18:58:56","guid":{"rendered":"https:\/\/querendona.com\/mx\/?page_id=69"},"modified":"2025-04-07T12:16:45","modified_gmt":"2025-04-07T18:16:45","slug":"nosotros","status":"publish","type":"page","link":"https:\/\/querendona.com\/mx\/nosotros\/","title":{"rendered":"Nosotros"},"content":{"rendered":"\t\t<div data-elementor-type=\"wp-page\" data-elementor-id=\"69\" class=\"elementor elementor-69\" data-elementor-post-type=\"page\">\n\t\t\t\t<div class=\"elementor-element elementor-element-e4b3479 e-flex e-con-boxed e-con e-parent\" data-id=\"e4b3479\" data-element_type=\"container\" data-e-type=\"container\" data-settings=\"{&quot;jet_parallax_layout_list&quot;:[]}\">\n\t\t\t\t\t<div class=\"e-con-inner\">\n\t\t\t\t<div class=\"elementor-element elementor-element-01a6b20 elementor-align-center elementor-widget elementor-widget-lottie\" data-id=\"01a6b20\" data-element_type=\"widget\" data-e-type=\"widget\" data-settings=\"{&quot;source_json&quot;:{&quot;url&quot;:&quot;https:\\\/\\\/querendona.com\\\/mx\\\/wp-content\\\/uploads\\\/sites\\\/3\\\/2024\\\/08\\\/light.json&quot;,&quot;id&quot;:&quot;177&quot;,&quot;size&quot;:&quot;&quot;,&quot;alt&quot;:&quot;&quot;,&quot;source&quot;:&quot;library&quot;},&quot;loop&quot;:&quot;yes&quot;,&quot;source&quot;:&quot;media_file&quot;,&quot;caption_source&quot;:&quot;none&quot;,&quot;link_to&quot;:&quot;none&quot;,&quot;trigger&quot;:&quot;arriving_to_viewport&quot;,&quot;viewport&quot;:{&quot;unit&quot;:&quot;%&quot;,&quot;size&quot;:&quot;&quot;,&quot;sizes&quot;:{&quot;start&quot;:0,&quot;end&quot;:100}},&quot;play_speed&quot;:{&quot;unit&quot;:&quot;px&quot;,&quot;size&quot;:1,&quot;sizes&quot;:[]},&quot;start_point&quot;:{&quot;unit&quot;:&quot;%&quot;,&quot;size&quot;:0,&quot;sizes&quot;:[]},&quot;end_point&quot;:{&quot;unit&quot;:&quot;%&quot;,&quot;size&quot;:100,&quot;sizes&quot;:[]},&quot;renderer&quot;:&quot;svg&quot;}\" data-widget_type=\"lottie.default\">\n\t\t\t\t\t<div class=\"e-lottie__container\"><div class=\"e-lottie__animation\"><\/div><\/div>\t\t\t\t<\/div>\n\t\t\t\t<div class=\"elementor-element elementor-element-012aafc elementor-widget elementor-widget-heading\" data-id=\"012aafc\" data-element_type=\"widget\" data-e-type=\"widget\" data-widget_type=\"heading.default\">\n\t\t\t\t\t<h1 class=\"elementor-heading-title elementor-size-default\">Sobre Nosotros<\/h1>\t\t\t\t<\/div>\n\t\t\t\t<div class=\"elementor-element elementor-element-1fc9c23 elementor-widget-divider--view-line elementor-widget elementor-widget-divider\" data-id=\"1fc9c23\" data-element_type=\"widget\" data-e-type=\"widget\" data-widget_type=\"divider.default\">\n\t\t\t\t\t\t\t<div class=\"elementor-divider\">\n\t\t\t<span class=\"elementor-divider-separator\">\n\t\t\t\t\t\t<\/span>\n\t\t<\/div>\n\t\t\t\t\t\t<\/div>\n\t\t\t\t<div class=\"elementor-element elementor-element-df118d8 elementor-widget elementor-widget-heading\" data-id=\"df118d8\" data-element_type=\"widget\" data-e-type=\"widget\" data-widget_type=\"heading.default\">\n\t\t\t\t\t<h4 class=\"elementor-heading-title elementor-size-default\">Descubre nuestra historia - Estamos certificados<\/h4>\t\t\t\t<\/div>\n\t\t<div class=\"elementor-element elementor-element-6115174 e-flex e-con-boxed e-con e-child\" data-id=\"6115174\" data-element_type=\"container\" data-e-type=\"container\" data-settings=\"{&quot;jet_parallax_layout_list&quot;:[]}\">\n\t\t\t\t\t<div class=\"e-con-inner\">\n\t\t<div class=\"elementor-element elementor-element-bf2bc60 e-con-full e-flex e-con e-child\" data-id=\"bf2bc60\" data-element_type=\"container\" data-e-type=\"container\" data-settings=\"{&quot;jet_parallax_layout_list&quot;:[]}\">\n\t\t\t\t<div class=\"elementor-element elementor-element-1214a19 elementor-widget elementor-widget-text-editor\" data-id=\"1214a19\" data-element_type=\"widget\" data-e-type=\"widget\" data-widget_type=\"text-editor.default\">\n\t\t\t\t\t\t\t\t\t<p>Nuestra historia comenz\u00f3 en 2011 con un sue\u00f1o simple pero apasionado: llevar los aut\u00e9nticos sabores de M\u00e9xico a cada hogar mientras preservamos las tradiciones y t\u00e9cnicas culinarias transmitidas a lo largo de nuestras generaciones. Nacidos en el coraz\u00f3n de Saltillo, Coahuila, M\u00e9xico, nuestra misi\u00f3n ha sido compartir las delicias de nuestra cocina con el mundo a trav\u00e9s de nuestras salsas y marinados, cada uno mezclado con amor y respeto por nuestras ra\u00edces.<\/p>\t\t\t\t\t\t\t\t<\/div>\n\t\t\t\t<div class=\"elementor-element elementor-element-0e42794 elementor-widget elementor-widget-text-editor\" data-id=\"0e42794\" data-element_type=\"widget\" data-e-type=\"widget\" data-widget_type=\"text-editor.default\">\n\t\t\t\t\t\t\t\t\t<p>Desde el principio, hemos cre\u00eddo en la importancia de los sabores que evocan recuerdos y re\u00fanen a las familias. Es por eso que en Querendona seleccionamos cuidadosamente cada ingrediente para asegurar que cada salsa y marinado capture la esencia del aut\u00e9ntico sabor casero y la sensaci\u00f3n de algo hecho con cuidado y dedicaci\u00f3n.<\/p><p>Con cada botella que producimos, llevamos un pedazo de nuestro hogar al tuyo, manteniendo vivas las tradiciones y celebrando la rica cultura culinaria que M\u00e9xico tiene para ofrecer. Nos enorgullece llevar este legado, permitiendo que los ricos y aut\u00e9nticos sabores de nuestras salsas sirvan como un puente entre el pasado y el presente, entre M\u00e9xico y el mundo.<\/p><p>En Querendona, cada d\u00eda es una oportunidad para compartir un poco m\u00e1s de nuestro amor por la cocina mexicana. Estamos agradecidos con todos aquellos que han sido parte de nuestra historia y que han permitido que nuestras salsas formen parte de sus mesas y celebraciones. Juntos, seguimos cocinando sue\u00f1os, sabor por sabor.<\/p>\t\t\t\t\t\t\t\t<\/div>\n\t\t\t\t<\/div>\n\t\t\t\t\t<\/div>\n\t\t\t\t<\/div>\n\t\t\t\t\t<\/div>\n\t\t\t\t<\/div>\n\t\t<div class=\"elementor-element elementor-element-6095dcf e-flex e-con-boxed e-con e-parent\" data-id=\"6095dcf\" data-element_type=\"container\" data-e-type=\"container\" data-settings=\"{&quot;jet_parallax_layout_list&quot;:[],&quot;background_background&quot;:&quot;classic&quot;}\">\n\t\t\t\t\t<div class=\"e-con-inner\">\n\t\t<div class=\"elementor-element elementor-element-0b5314e e-con-full e-flex e-con e-child\" data-id=\"0b5314e\" data-element_type=\"container\" data-e-type=\"container\" data-settings=\"{&quot;jet_parallax_layout_list&quot;:[]}\">\n\t\t\t\t<div class=\"elementor-element elementor-element-c21dfd5 elementor-widget elementor-widget-heading\" data-id=\"c21dfd5\" data-element_type=\"widget\" data-e-type=\"widget\" data-widget_type=\"heading.default\">\n\t\t\t\t\t<h2 class=\"elementor-heading-title elementor-size-default\">Misi\u00f3n<\/h2>\t\t\t\t<\/div>\n\t\t\t\t<div class=\"elementor-element elementor-element-56d8d93 elementor-widget elementor-widget-text-editor\" data-id=\"56d8d93\" data-element_type=\"widget\" data-e-type=\"widget\" data-widget_type=\"text-editor.default\">\n\t\t\t\t\t\t\t\t\t<p>Superar las expectativas de nuestros clientes al ofrecer una calidad y sabor inigualables en nuestros productos. Estamos dedicados a enriquecer tus experiencias culinarias con sabores excepcionales.<\/p>\t\t\t\t\t\t\t\t<\/div>\n\t\t\t\t<\/div>\n\t\t<div class=\"elementor-element elementor-element-222c676 e-con-full e-flex e-con e-child\" data-id=\"222c676\" data-element_type=\"container\" data-e-type=\"container\" data-settings=\"{&quot;jet_parallax_layout_list&quot;:[]}\">\n\t\t\t\t<div class=\"elementor-element elementor-element-a1ff9da elementor-widget elementor-widget-heading\" data-id=\"a1ff9da\" data-element_type=\"widget\" data-e-type=\"widget\" data-widget_type=\"heading.default\">\n\t\t\t\t\t<h2 class=\"elementor-heading-title elementor-size-default\">Visi\u00f3n<\/h2>\t\t\t\t<\/div>\n\t\t\t\t<div class=\"elementor-element elementor-element-68bd59d elementor-widget elementor-widget-text-editor\" data-id=\"68bd59d\" data-element_type=\"widget\" data-e-type=\"widget\" data-widget_type=\"text-editor.default\">\n\t\t\t\t\t\t\t\t\t<p>Compartir la aut\u00e9ntica esencia de nuestros productos artesanales con los entusiastas de la cocina mexicana en todo el mundo. Aspiramos a conectar a las personas en todas partes con los ricos sabores caseros de M\u00e9xico, haciendo que nuestra herencia culinaria sea accesible para todos.<\/p>\t\t\t\t\t\t\t\t<\/div>\n\t\t\t\t<\/div>\n\t\t<div class=\"elementor-element elementor-element-6c20414 e-con-full e-flex e-con e-child\" data-id=\"6c20414\" data-element_type=\"container\" data-e-type=\"container\" data-settings=\"{&quot;jet_parallax_layout_list&quot;:[]}\">\n\t\t\t\t<div class=\"elementor-element elementor-element-e9b4e3d elementor-widget elementor-widget-heading\" data-id=\"e9b4e3d\" data-element_type=\"widget\" data-e-type=\"widget\" data-widget_type=\"heading.default\">\n\t\t\t\t\t<h2 class=\"elementor-heading-title elementor-size-default\">Compromiso con la Calidad<\/h2>\t\t\t\t<\/div>\n\t\t\t\t<div class=\"elementor-element elementor-element-d64cbca elementor-widget elementor-widget-text-editor\" data-id=\"d64cbca\" data-element_type=\"widget\" data-e-type=\"widget\" data-widget_type=\"text-editor.default\">\n\t\t\t\t\t\t\t\t\t<p>A trav\u00e9s de procesos estandarizados, no solo mejoramos la vida \u00fatil de nuestras ofertas, sino que tambi\u00e9n mantenemos los m\u00e1s altos est\u00e1ndares de seguridad alimentaria. Nuestro compromiso con la calidad es inquebrantable, ya que nos esforzamos continuamente por proporcionar productos que cumplan y superen las expectativas de nuestros valiosos clientes.<\/p>\t\t\t\t\t\t\t\t<\/div>\n\t\t\t\t<\/div>\n\t\t\t\t\t<\/div>\n\t\t\t\t<\/div>\n\t\t<div class=\"elementor-element elementor-element-db68418 e-flex e-con-boxed e-con e-parent\" data-id=\"db68418\" data-element_type=\"container\" data-e-type=\"container\" data-settings=\"{&quot;background_background&quot;:&quot;classic&quot;,&quot;jet_parallax_layout_list&quot;:[]}\">\n\t\t\t\t\t<div class=\"e-con-inner\">\n\t\t\t\t<div class=\"elementor-element elementor-element-37b9ae4 elementor-widget elementor-widget-heading\" data-id=\"37b9ae4\" data-element_type=\"widget\" data-e-type=\"widget\" data-widget_type=\"heading.default\">\n\t\t\t\t\t<h2 class=\"elementor-heading-title elementor-size-default\">Descubre la Diferencia Querendona<\/h2>\t\t\t\t<\/div>\n\t\t\t\t<div class=\"elementor-element elementor-element-39b191a elementor-widget elementor-widget-heading\" data-id=\"39b191a\" data-element_type=\"widget\" data-e-type=\"widget\" data-widget_type=\"heading.default\">\n\t\t\t\t\t<h3 class=\"elementor-heading-title elementor-size-default\">\u00bfPor qu\u00e9 elegir Querendona?<\/h3>\t\t\t\t<\/div>\n\t\t\t\t<div class=\"elementor-element elementor-element-9322813 elementor-widget elementor-widget-image\" data-id=\"9322813\" data-element_type=\"widget\" data-e-type=\"widget\" data-widget_type=\"image.default\">\n\t\t\t\t\t\t\t\t\t\t\t\t\t\t\t<img fetchpriority=\"high\" decoding=\"async\" width=\"440\" height=\"178\" src=\"https:\/\/querendona.com\/mx\/wp-content\/uploads\/sites\/3\/2024\/08\/sqf.png\" class=\"attachment-full size-full wp-image-165\" alt=\"\" srcset=\"https:\/\/querendona.com\/mx\/wp-content\/uploads\/sites\/3\/2024\/08\/sqf.png 440w, https:\/\/querendona.com\/mx\/wp-content\/uploads\/sites\/3\/2024\/08\/sqf-300x121.png 300w\" sizes=\"(max-width: 440px) 100vw, 440px\" \/>\t\t\t\t\t\t\t\t\t\t\t\t\t\t\t<\/div>\n\t\t\t\t<div class=\"elementor-element elementor-element-105f1b7 elementor-widget elementor-widget-text-editor\" data-id=\"105f1b7\" data-element_type=\"widget\" data-e-type=\"widget\" data-widget_type=\"text-editor.default\">\n\t\t\t\t\t\t\t\t\t<p>En Querendona, nos enorgullecemos de la calidad y seguridad de nuestros productos. Estamos certificados por SQF (Safe Quality Food), uno de los est\u00e1ndares m\u00e1s altos del mundo en seguridad y calidad alimentaria. Esta certificaci\u00f3n asegura que nuestros productos cumplen con rigurosos est\u00e1ndares de seguridad y calidad en cada etapa del proceso de producci\u00f3n.<\/p>\t\t\t\t\t\t\t\t<\/div>\n\t\t\t\t\t<\/div>\n\t\t\t\t<\/div>\n\t\t\t\t<\/div>\n\t\t","protected":false},"excerpt":{"rendered":"<p>Sobre Nosotros Descubre nuestra historia &#8211; Estamos certificados Nuestra historia comenz\u00f3 en 2011 con un sue\u00f1o simple pero apasionado: llevar los aut\u00e9nticos sabores de M\u00e9xico a cada hogar mientras preservamos las tradiciones y t\u00e9cnicas culinarias transmitidas a lo largo de nuestras generaciones. Nacidos en el coraz\u00f3n de Saltillo, Coahuila, M\u00e9xico, nuestra misi\u00f3n ha sido compartir [&hellip;]<\/p>\n","protected":false},"author":1,"featured_media":0,"parent":0,"menu_order":0,"comment_status":"closed","ping_status":"closed","template":"elementor_header_footer","meta":{"footnotes":""},"class_list":["post-69","page","type-page","status-publish","hentry"],"jetpack_sharing_enabled":true,"_links":{"self":[{"href":"https:\/\/querendona.com\/mx\/wp-json\/wp\/v2\/pages\/69","targetHints":{"allow":["GET"]}}],"collection":[{"href":"https:\/\/querendona.com\/mx\/wp-json\/wp\/v2\/pages"}],"about":[{"href":"https:\/\/querendona.com\/mx\/wp-json\/wp\/v2\/types\/page"}],"author":[{"embeddable":true,"href":"https:\/\/querendona.com\/mx\/wp-json\/wp\/v2\/users\/1"}],"replies":[{"embeddable":true,"href":"https:\/\/querendona.com\/mx\/wp-json\/wp\/v2\/comments?post=69"}],"version-history":[{"count":3,"href":"https:\/\/querendona.com\/mx\/wp-json\/wp\/v2\/pages\/69\/revisions"}],"predecessor-version":[{"id":2998,"href":"https:\/\/querendona.com\/mx\/wp-json\/wp\/v2\/pages\/69\/revisions\/2998"}],"wp:attachment":[{"href":"https:\/\/querendona.com\/mx\/wp-json\/wp\/v2\/media?parent=69"}],"curies":[{"name":"wp","href":"https:\/\/api.w.org\/{rel}","templated":true}]}}