{"id":102,"date":"2024-08-22T15:32:04","date_gmt":"2024-08-22T15:32:04","guid":{"rendered":"https:\/\/querendona.com\/mx\/?post_type=product&#038;p=102"},"modified":"2026-05-11T17:19:49","modified_gmt":"2026-05-11T23:19:49","slug":"salsa-mango-habanero","status":"publish","type":"product","link":"https:\/\/querendona.com\/mx\/tienda\/salsa-mango-habanero\/","title":{"rendered":"Salsa Mango Habanero"},"content":{"rendered":"<p>La Salsa de Mango Habanero de la Querendona es una exquisita mezcla de dulce y picante, con mangos frescos y chiles habaneros. El nivel de picor est\u00e1 perfectamente equilibrado, lo que la hace lo suficientemente suave para disfrutar, pero con el sabor caracter\u00edstico del habanero. La dulzura de los mangos complementa a la perfecci\u00f3n el picor del habanero, otorgando a nuestra salsa un sabor \u00fanico . Elaborada artesanalmente en peque\u00f1as cantidades nuestra Salsa de Mango Habanero es ideal para realzar el sabor de cualquier platillo. Ya sea que la uses como marinada para tus alitas, aderezo para tus ensaladas o salsa para tus botanas, nuestra salsa es vers\u00e1til y deliciosa.<\/p>\n","protected":false},"excerpt":{"rendered":"<p>La Salsa de Mango Habanero de la Querendona es una exquisita mezcla de dulce y picante, con mangos frescos y chiles habaneros.<\/p>\n","protected":false},"featured_media":4678,"comment_status":"open","ping_status":"closed","template":"","meta":[],"product_brand":[],"product_cat":[23],"product_tag":[28,26,25,27],"class_list":{"0":"post-102","1":"product","2":"type-product","3":"status-publish","4":"has-post-thumbnail","6":"product_cat-salsas-para-alitas","7":"product_tag-alitas","8":"product_tag-habanero","9":"product_tag-parrilla","10":"product_tag-salsas-para-alitas","12":"first","13":"instock","14":"shipping-taxable","15":"purchasable","16":"product-type-variable"},"jetpack_sharing_enabled":true,"_links":{"self":[{"href":"https:\/\/querendona.com\/mx\/wp-json\/wp\/v2\/product\/102","targetHints":{"allow":["GET"]}}],"collection":[{"href":"https:\/\/querendona.com\/mx\/wp-json\/wp\/v2\/product"}],"about":[{"href":"https:\/\/querendona.com\/mx\/wp-json\/wp\/v2\/types\/product"}],"replies":[{"embeddable":true,"href":"https:\/\/querendona.com\/mx\/wp-json\/wp\/v2\/comments?post=102"}],"version-history":[{"count":2,"href":"https:\/\/querendona.com\/mx\/wp-json\/wp\/v2\/product\/102\/revisions"}],"predecessor-version":[{"id":2987,"href":"https:\/\/querendona.com\/mx\/wp-json\/wp\/v2\/product\/102\/revisions\/2987"}],"wp:featuredmedia":[{"embeddable":true,"href":"https:\/\/querendona.com\/mx\/wp-json\/wp\/v2\/media\/4678"}],"wp:attachment":[{"href":"https:\/\/querendona.com\/mx\/wp-json\/wp\/v2\/media?parent=102"}],"wp:term":[{"taxonomy":"product_brand","embeddable":true,"href":"https:\/\/querendona.com\/mx\/wp-json\/wp\/v2\/product_brand?post=102"},{"taxonomy":"product_cat","embeddable":true,"href":"https:\/\/querendona.com\/mx\/wp-json\/wp\/v2\/product_cat?post=102"},{"taxonomy":"product_tag","embeddable":true,"href":"https:\/\/querendona.com\/mx\/wp-json\/wp\/v2\/product_tag?post=102"}],"curies":[{"name":"wp","href":"https:\/\/api.w.org\/{rel}","templated":true}]}}