{"id":112,"date":"2024-08-22T02:30:25","date_gmt":"2024-08-22T02:30:25","guid":{"rendered":"https:\/\/querendona.com\/mx\/?post_type=product&#038;p=112"},"modified":"2026-04-27T09:56:13","modified_gmt":"2026-04-27T15:56:13","slug":"salsa-molcajeteada","status":"publish","type":"product","link":"https:\/\/querendona.com\/mx\/tienda\/salsa-molcajeteada\/","title":{"rendered":"Salsa Molcajeteada"},"content":{"rendered":"<div class=\"elementor-element elementor-element-5c34815 elementor-widget elementor-widget-jet-listing-dynamic-field\" data-id=\"5c34815\" data-element_type=\"widget\" data-widget_type=\"jet-listing-dynamic-field.default\">\n<div class=\"elementor-widget-container\">\n<div class=\"jet-listing jet-listing-dynamic-field display-inline\">\n<div class=\"jet-listing-dynamic-field__inline-wrap\">\n<div class=\"jet-listing-dynamic-field__content\">\n<p>Descubre los sabores intensos y aut\u00e9nticos de nuestra Salsa Molcajeteada , una combinaci\u00f3n deliciosa de tomates, jalape\u00f1o picante, cebolla, ajo y chile de \u00e1rbol, todos asados para un toque ahumado inigualable. Preparada a mano en peque\u00f1as cantidades, nuestra salsa tiene una textura r\u00fastica que te transportar\u00e1 al coraz\u00f3n de M\u00e9xico. Ideal para acompa\u00f1ar, sazonar o cocinar, la Salsa Molcajeteada agrega un toque de sabor \u00fanico a cualquier platillo. Hecha con ingredientes 100% naturales y sin sabores artificiales, disfruta del aut\u00e9ntico sabor mexicano en cada botella.<\/p>\n<\/div>\n<\/div>\n<\/div>\n<\/div>\n<\/div>\n","protected":false},"excerpt":{"rendered":"<p>Salsa Molcajeteada Querendona, una combinaci\u00f3n deliciosa de tomates, jalape\u00f1o picante, cebolla, ajo y&#8230;<\/p>\n","protected":false},"featured_media":3806,"comment_status":"open","ping_status":"closed","template":"","meta":[],"product_brand":[],"product_cat":[24],"product_tag":[29,30],"class_list":{"0":"post-112","1":"product","2":"type-product","3":"status-publish","4":"has-post-thumbnail","6":"product_cat-salsas-mexicanas","7":"product_tag-molcajeteada","8":"product_tag-salsas-mexicana","10":"first","11":"instock","12":"shipping-taxable","13":"purchasable","14":"product-type-variable"},"jetpack_sharing_enabled":true,"_links":{"self":[{"href":"https:\/\/querendona.com\/mx\/wp-json\/wp\/v2\/product\/112","targetHints":{"allow":["GET"]}}],"collection":[{"href":"https:\/\/querendona.com\/mx\/wp-json\/wp\/v2\/product"}],"about":[{"href":"https:\/\/querendona.com\/mx\/wp-json\/wp\/v2\/types\/product"}],"replies":[{"embeddable":true,"href":"https:\/\/querendona.com\/mx\/wp-json\/wp\/v2\/comments?post=112"}],"version-history":[{"count":3,"href":"https:\/\/querendona.com\/mx\/wp-json\/wp\/v2\/product\/112\/revisions"}],"predecessor-version":[{"id":4595,"href":"https:\/\/querendona.com\/mx\/wp-json\/wp\/v2\/product\/112\/revisions\/4595"}],"wp:featuredmedia":[{"embeddable":true,"href":"https:\/\/querendona.com\/mx\/wp-json\/wp\/v2\/media\/3806"}],"wp:attachment":[{"href":"https:\/\/querendona.com\/mx\/wp-json\/wp\/v2\/media?parent=112"}],"wp:term":[{"taxonomy":"product_brand","embeddable":true,"href":"https:\/\/querendona.com\/mx\/wp-json\/wp\/v2\/product_brand?post=112"},{"taxonomy":"product_cat","embeddable":true,"href":"https:\/\/querendona.com\/mx\/wp-json\/wp\/v2\/product_cat?post=112"},{"taxonomy":"product_tag","embeddable":true,"href":"https:\/\/querendona.com\/mx\/wp-json\/wp\/v2\/product_tag?post=112"}],"curies":[{"name":"wp","href":"https:\/\/api.w.org\/{rel}","templated":true}]}}