{"id":117,"date":"2024-08-22T01:32:04","date_gmt":"2024-08-22T01:32:04","guid":{"rendered":"https:\/\/querendona.com\/mx\/?post_type=product&#038;p=117"},"modified":"2026-04-27T09:56:13","modified_gmt":"2026-04-27T15:56:13","slug":"salsa-verde","status":"publish","type":"product","link":"https:\/\/querendona.com\/mx\/tienda\/salsa-verde\/","title":{"rendered":"Salsa Verde"},"content":{"rendered":"<p>Nuestra Salsa Verde Querendona es una mezcla vibrante y sabrosa que combina el frescor del tomatillo, el picante del jalape\u00f1o y el aroma inconfundible del cilantro. Es ideal para darle un toque especial a cualquier platillo, desde tacos y burritos hasta carnes asadas y vegetales. Elaborada artesanalmente en peque\u00f1as cantidades, nuestra Salsa Verde est\u00e1 hecha con los ingredientes m\u00e1s frescos y naturales.<\/p>\n","protected":false},"excerpt":{"rendered":"<p>Una mezcla vibrante y tentadora de frescos tomatillos, jalape\u00f1os picantes y fragante cilantro. Una combinaci\u00f3n deliciosa de frescura y picante.<\/p>\n","protected":false},"featured_media":4357,"comment_status":"open","ping_status":"closed","template":"","meta":[],"product_brand":[],"product_cat":[24],"product_tag":[38,39,30],"class_list":{"0":"post-117","1":"product","2":"type-product","3":"status-publish","4":"has-post-thumbnail","6":"product_cat-salsas-mexicanas","7":"product_tag-salsa","8":"product_tag-salsa-verde","9":"product_tag-salsas-mexicana","11":"first","12":"instock","13":"shipping-taxable","14":"purchasable","15":"product-type-variable"},"jetpack_sharing_enabled":true,"_links":{"self":[{"href":"https:\/\/querendona.com\/mx\/wp-json\/wp\/v2\/product\/117","targetHints":{"allow":["GET"]}}],"collection":[{"href":"https:\/\/querendona.com\/mx\/wp-json\/wp\/v2\/product"}],"about":[{"href":"https:\/\/querendona.com\/mx\/wp-json\/wp\/v2\/types\/product"}],"replies":[{"embeddable":true,"href":"https:\/\/querendona.com\/mx\/wp-json\/wp\/v2\/comments?post=117"}],"version-history":[{"count":3,"href":"https:\/\/querendona.com\/mx\/wp-json\/wp\/v2\/product\/117\/revisions"}],"predecessor-version":[{"id":4601,"href":"https:\/\/querendona.com\/mx\/wp-json\/wp\/v2\/product\/117\/revisions\/4601"}],"wp:featuredmedia":[{"embeddable":true,"href":"https:\/\/querendona.com\/mx\/wp-json\/wp\/v2\/media\/4357"}],"wp:attachment":[{"href":"https:\/\/querendona.com\/mx\/wp-json\/wp\/v2\/media?parent=117"}],"wp:term":[{"taxonomy":"product_brand","embeddable":true,"href":"https:\/\/querendona.com\/mx\/wp-json\/wp\/v2\/product_brand?post=117"},{"taxonomy":"product_cat","embeddable":true,"href":"https:\/\/querendona.com\/mx\/wp-json\/wp\/v2\/product_cat?post=117"},{"taxonomy":"product_tag","embeddable":true,"href":"https:\/\/querendona.com\/mx\/wp-json\/wp\/v2\/product_tag?post=117"}],"curies":[{"name":"wp","href":"https:\/\/api.w.org\/{rel}","templated":true}]}}