{"id":123,"date":"2024-08-22T01:38:47","date_gmt":"2024-08-22T01:38:47","guid":{"rendered":"https:\/\/querendona.com\/mx\/?post_type=product&#038;p=123"},"modified":"2026-04-21T01:38:15","modified_gmt":"2026-04-21T07:38:15","slug":"salsa-roja","status":"publish","type":"product","link":"https:\/\/querendona.com\/mx\/tienda\/salsa-roja\/","title":{"rendered":"Salsa Roja"},"content":{"rendered":"<p>Disfruta de los sabores intensos y picantes de la Salsa Roja Querendona, hecha con la combinaci\u00f3n perfecta de tomatillo jugoso, chile de \u00e1rbol picante y jalape\u00f1o fresco. Esta salsa tradicional tiene un gran impacto y es ideal para quienes buscan un toque de picor en sus comidas. Elaborada en peque\u00f1as cantidades con ingredientes totalmente naturales, nuestra Salsa Roja es el acompa\u00f1amiento perfecto para cualquier platillo, desde tacos y carne asada hasta huevos revueltos y totopos. Sin sabores artificiales, puedes disfrutar de a\u00f1adir la Salsa Roja de La Querendona a tus comidas favoritas con confianza. \u00a1Obt\u00e9n la tuya hoy y experimenta el aut\u00e9ntico sabor en cada bocado!<\/p>\n","protected":false},"excerpt":{"rendered":"<p>Nuestra Salsa Roja Querendona es una salsa mexicana tradicional y picante hecha de jugosos tomatillos y el ardiente chile de \u00e1rbol.<\/p>\n","protected":false},"featured_media":4271,"comment_status":"open","ping_status":"closed","template":"","meta":[],"product_brand":[],"product_cat":[24],"product_tag":[34,33,35,36,37],"class_list":{"0":"post-123","1":"product","2":"type-product","3":"status-publish","4":"has-post-thumbnail","6":"product_cat-salsas-mexicanas","7":"product_tag-sabor-robusto","8":"product_tag-salsa-mexicana-autentica","9":"product_tag-salsa-roja","10":"product_tag-salsa-roja-picante","11":"product_tag-salsa-roja-tradicional","13":"first","14":"instock","15":"shipping-taxable","16":"purchasable","17":"product-type-variable"},"jetpack_sharing_enabled":true,"_links":{"self":[{"href":"https:\/\/querendona.com\/mx\/wp-json\/wp\/v2\/product\/123","targetHints":{"allow":["GET"]}}],"collection":[{"href":"https:\/\/querendona.com\/mx\/wp-json\/wp\/v2\/product"}],"about":[{"href":"https:\/\/querendona.com\/mx\/wp-json\/wp\/v2\/types\/product"}],"replies":[{"embeddable":true,"href":"https:\/\/querendona.com\/mx\/wp-json\/wp\/v2\/comments?post=123"}],"version-history":[{"count":1,"href":"https:\/\/querendona.com\/mx\/wp-json\/wp\/v2\/product\/123\/revisions"}],"predecessor-version":[{"id":4160,"href":"https:\/\/querendona.com\/mx\/wp-json\/wp\/v2\/product\/123\/revisions\/4160"}],"wp:featuredmedia":[{"embeddable":true,"href":"https:\/\/querendona.com\/mx\/wp-json\/wp\/v2\/media\/4271"}],"wp:attachment":[{"href":"https:\/\/querendona.com\/mx\/wp-json\/wp\/v2\/media?parent=123"}],"wp:term":[{"taxonomy":"product_brand","embeddable":true,"href":"https:\/\/querendona.com\/mx\/wp-json\/wp\/v2\/product_brand?post=123"},{"taxonomy":"product_cat","embeddable":true,"href":"https:\/\/querendona.com\/mx\/wp-json\/wp\/v2\/product_cat?post=123"},{"taxonomy":"product_tag","embeddable":true,"href":"https:\/\/querendona.com\/mx\/wp-json\/wp\/v2\/product_tag?post=123"}],"curies":[{"name":"wp","href":"https:\/\/api.w.org\/{rel}","templated":true}]}}