{"id":380,"date":"2024-08-22T17:38:15","date_gmt":"2024-08-22T17:38:15","guid":{"rendered":"https:\/\/querendona.com\/mx\/?post_type=product&#038;p=380"},"modified":"2026-05-11T17:19:49","modified_gmt":"2026-05-11T23:19:49","slug":"salsa-pina-pimienta","status":"publish","type":"product","link":"https:\/\/querendona.com\/mx\/tienda\/salsa-pina-pimienta\/","title":{"rendered":"Salsa Pi\u00f1a Pimienta"},"content":{"rendered":"<p>Te presentamos la Salsa de Pi\u00f1a y Pimienta de La Querendona, una mezcla \u00fanica de sabores dulces y picantes que transformar\u00e1 tu cocina. Con pi\u00f1as , pimienta y un toque de chile cayenne para a\u00f1adir el picor justo, esta salsa es ideal para darle un toque tropical a carnes, mariscos y vegetales. Ya sea que est\u00e9s asando a la parrilla, marinando o salteando, nuestra salsa aportar\u00e1 a tus platillos una explosi\u00f3n de sabor que encantar\u00e1 a tu paladar.<\/p>\n","protected":false},"excerpt":{"rendered":"<p>Una armon\u00eda perfecta entre lo dulce y lo picante, esta salsa combina mangos maduros con ardientes chiles habanero. La mezcla ofrece un contraste delicioso, brindando una explosi\u00f3n vibrante de dulzura matizada por un audaz toque picante.<\/p>\n","protected":false},"featured_media":3952,"comment_status":"open","ping_status":"closed","template":"","meta":[],"product_brand":[],"product_cat":[23],"product_tag":[43,69,38],"class_list":{"0":"post-380","1":"product","2":"type-product","3":"status-publish","4":"has-post-thumbnail","6":"product_cat-salsas-para-alitas","7":"product_tag-picante","8":"product_tag-pina-pimienta","9":"product_tag-salsa","11":"first","12":"instock","13":"shipping-taxable","14":"purchasable","15":"product-type-variable"},"jetpack_sharing_enabled":true,"_links":{"self":[{"href":"https:\/\/querendona.com\/mx\/wp-json\/wp\/v2\/product\/380","targetHints":{"allow":["GET"]}}],"collection":[{"href":"https:\/\/querendona.com\/mx\/wp-json\/wp\/v2\/product"}],"about":[{"href":"https:\/\/querendona.com\/mx\/wp-json\/wp\/v2\/types\/product"}],"replies":[{"embeddable":true,"href":"https:\/\/querendona.com\/mx\/wp-json\/wp\/v2\/comments?post=380"}],"version-history":[{"count":1,"href":"https:\/\/querendona.com\/mx\/wp-json\/wp\/v2\/product\/380\/revisions"}],"predecessor-version":[{"id":2374,"href":"https:\/\/querendona.com\/mx\/wp-json\/wp\/v2\/product\/380\/revisions\/2374"}],"wp:featuredmedia":[{"embeddable":true,"href":"https:\/\/querendona.com\/mx\/wp-json\/wp\/v2\/media\/3952"}],"wp:attachment":[{"href":"https:\/\/querendona.com\/mx\/wp-json\/wp\/v2\/media?parent=380"}],"wp:term":[{"taxonomy":"product_brand","embeddable":true,"href":"https:\/\/querendona.com\/mx\/wp-json\/wp\/v2\/product_brand?post=380"},{"taxonomy":"product_cat","embeddable":true,"href":"https:\/\/querendona.com\/mx\/wp-json\/wp\/v2\/product_cat?post=380"},{"taxonomy":"product_tag","embeddable":true,"href":"https:\/\/querendona.com\/mx\/wp-json\/wp\/v2\/product_tag?post=380"}],"curies":[{"name":"wp","href":"https:\/\/api.w.org\/{rel}","templated":true}]}}