{"id":854,"date":"2024-10-12T05:32:30","date_gmt":"2024-10-12T05:32:30","guid":{"rendered":"https:\/\/querendona.com\/mx\/?post_type=product&#038;p=854"},"modified":"2026-04-21T01:33:07","modified_gmt":"2026-04-21T07:33:07","slug":"salsa-habanero-asada","status":"publish","type":"product","link":"https:\/\/querendona.com\/mx\/tienda\/salsa-habanero-asada\/","title":{"rendered":"Salsa Habanero Asada"},"content":{"rendered":"<p>La Salsa Habanero Asado de La Querendona es una irresistible combinaci\u00f3n de tomates y chiles habaneros frescos, asados a la perfecci\u00f3n para a\u00f1adir un sutil sabor ahumado y una profundidad que realza todos los ingredientes. Elaborada artesanalmente en peque\u00f1as cantidades con los mejores ingredientes 100% naturales, nuestra Salsa de Habanero Asado ofrece el equilibrio perfecto entre picor y sabor. No es demasiado picante, pero resalta el sabor rico y distintivo del chile habanero. Ya sea que est\u00e9s asando cortes de carne, preparando tacos o simplemente buscando un dip delicioso para tus totopos, nuestra salsa es el acompa\u00f1amiento ideal.<\/p>\n","protected":false},"excerpt":{"rendered":"<p>La Salsa Habanero Asado de La Querendona es una irresistible combinaci\u00f3n de tomates y chiles habaneros frescos, asados a la perfecci\u00f3n para a\u00f1adir un sutil sabor ahumado y una profundidad que realza todos los ingredientes. Elaborada artesanalmente en peque\u00f1as cantidades con los mejores ingredientes 100% naturales, nuestra Salsa de Habanero Asado ofrece el equilibrio perfecto [&hellip;]<\/p>\n","protected":false},"featured_media":3681,"comment_status":"open","ping_status":"closed","template":"","meta":[],"product_brand":[],"product_cat":[24],"product_tag":[74,73],"class_list":{"0":"post-854","1":"product","2":"type-product","3":"status-publish","4":"has-post-thumbnail","6":"product_cat-salsas-mexicanas","7":"product_tag-habanero-asada","8":"product_tag-salsa-habanero","10":"first","11":"instock","12":"shipping-taxable","13":"purchasable","14":"product-type-variable"},"jetpack_sharing_enabled":true,"_links":{"self":[{"href":"https:\/\/querendona.com\/mx\/wp-json\/wp\/v2\/product\/854","targetHints":{"allow":["GET"]}}],"collection":[{"href":"https:\/\/querendona.com\/mx\/wp-json\/wp\/v2\/product"}],"about":[{"href":"https:\/\/querendona.com\/mx\/wp-json\/wp\/v2\/types\/product"}],"replies":[{"embeddable":true,"href":"https:\/\/querendona.com\/mx\/wp-json\/wp\/v2\/comments?post=854"}],"version-history":[{"count":2,"href":"https:\/\/querendona.com\/mx\/wp-json\/wp\/v2\/product\/854\/revisions"}],"predecessor-version":[{"id":4598,"href":"https:\/\/querendona.com\/mx\/wp-json\/wp\/v2\/product\/854\/revisions\/4598"}],"wp:featuredmedia":[{"embeddable":true,"href":"https:\/\/querendona.com\/mx\/wp-json\/wp\/v2\/media\/3681"}],"wp:attachment":[{"href":"https:\/\/querendona.com\/mx\/wp-json\/wp\/v2\/media?parent=854"}],"wp:term":[{"taxonomy":"product_brand","embeddable":true,"href":"https:\/\/querendona.com\/mx\/wp-json\/wp\/v2\/product_brand?post=854"},{"taxonomy":"product_cat","embeddable":true,"href":"https:\/\/querendona.com\/mx\/wp-json\/wp\/v2\/product_cat?post=854"},{"taxonomy":"product_tag","embeddable":true,"href":"https:\/\/querendona.com\/mx\/wp-json\/wp\/v2\/product_tag?post=854"}],"curies":[{"name":"wp","href":"https:\/\/api.w.org\/{rel}","templated":true}]}}