{"id":860,"date":"2024-10-12T05:50:03","date_gmt":"2024-10-12T05:50:03","guid":{"rendered":"https:\/\/querendona.com\/mx\/?post_type=product&#038;p=860"},"modified":"2026-04-20T19:49:12","modified_gmt":"2026-04-21T01:49:12","slug":"salsa-maya","status":"publish","type":"product","link":"https:\/\/querendona.com\/mx\/tienda\/salsa-maya\/","title":{"rendered":"Salsa Maya"},"content":{"rendered":"<div class=\"&quot;frame-root&quot;\">\n<div class=\"&quot;frame-root&quot;\">Con un sabor picoso e intenso, nuestra Salsa Maya es un tributo a las tradiciones m\u00e1s antiguas. Esta salsa a base de aceite combina m\u00e1s de diez especias con chile de \u00e1rbol asado, lo que la convierte en una aut\u00e9ntica delicia. Su picor pronunciado eleva cualquier platillo, despertando el paladar con cada bocado.<\/div>\n<\/div>\n","protected":false},"excerpt":{"rendered":"<p>Con un sabor picoso e intenso, nuestra Salsa Maya es un tributo a las tradiciones m\u00e1s antiguas. Esta salsa a base de aceite combina m\u00e1s de diez especias con chile de \u00e1rbol asado, lo que la convierte en una aut\u00e9ntica delicia. Su picor pronunciado eleva cualquier platillo, despertando el paladar con cada bocado.<\/p>\n","protected":false},"featured_media":826,"comment_status":"open","ping_status":"closed","template":"","meta":[],"product_brand":[],"product_cat":[24],"product_tag":[76,75],"class_list":{"0":"post-860","1":"product","2":"type-product","3":"status-publish","4":"has-post-thumbnail","6":"product_cat-salsas-mexicanas","7":"product_tag-chile-de-arbol","8":"product_tag-salsa-maya","10":"first","11":"instock","12":"shipping-taxable","13":"purchasable","14":"product-type-variable"},"jetpack_sharing_enabled":true,"_links":{"self":[{"href":"https:\/\/querendona.com\/mx\/wp-json\/wp\/v2\/product\/860","targetHints":{"allow":["GET"]}}],"collection":[{"href":"https:\/\/querendona.com\/mx\/wp-json\/wp\/v2\/product"}],"about":[{"href":"https:\/\/querendona.com\/mx\/wp-json\/wp\/v2\/types\/product"}],"replies":[{"embeddable":true,"href":"https:\/\/querendona.com\/mx\/wp-json\/wp\/v2\/comments?post=860"}],"version-history":[{"count":1,"href":"https:\/\/querendona.com\/mx\/wp-json\/wp\/v2\/product\/860\/revisions"}],"predecessor-version":[{"id":3057,"href":"https:\/\/querendona.com\/mx\/wp-json\/wp\/v2\/product\/860\/revisions\/3057"}],"wp:featuredmedia":[{"embeddable":true,"href":"https:\/\/querendona.com\/mx\/wp-json\/wp\/v2\/media\/826"}],"wp:attachment":[{"href":"https:\/\/querendona.com\/mx\/wp-json\/wp\/v2\/media?parent=860"}],"wp:term":[{"taxonomy":"product_brand","embeddable":true,"href":"https:\/\/querendona.com\/mx\/wp-json\/wp\/v2\/product_brand?post=860"},{"taxonomy":"product_cat","embeddable":true,"href":"https:\/\/querendona.com\/mx\/wp-json\/wp\/v2\/product_cat?post=860"},{"taxonomy":"product_tag","embeddable":true,"href":"https:\/\/querendona.com\/mx\/wp-json\/wp\/v2\/product_tag?post=860"}],"curies":[{"name":"wp","href":"https:\/\/api.w.org\/{rel}","templated":true}]}}