{"id":871,"date":"2024-10-12T06:03:31","date_gmt":"2024-10-12T06:03:31","guid":{"rendered":"https:\/\/querendona.com\/mx\/?post_type=product&#038;p=871"},"modified":"2026-04-22T15:26:01","modified_gmt":"2026-04-22T21:26:01","slug":"salsa-habanero","status":"publish","type":"product","link":"https:\/\/querendona.com\/mx\/tienda\/salsa-habanero\/","title":{"rendered":"Salsa Habanero"},"content":{"rendered":"<p>Elaborada con chiles habaneros frescos como ingrediente principal, nuestra salsa es picante y llena de sabor. Si eres fan\u00e1tico del picor intenso, esta salsa es perfecta para ti. Hecha artesanalmente en peque\u00f1as cantidades con ingredientes 100% naturales y frescos, nuestra Salsa Habanero Querendona no contiene sabores artificiales, lo que la convierte en una opci\u00f3n saludable y deliciosa para quienes disfrutan de un buen golpe de picor. Ya sea que est\u00e9s preparando alitas o cualquier otra botana, nuestra Salsa de Habanero llevar\u00e1 a tus papilas gustativas a un viaje ardiente e inolvidable.<\/p>\n","protected":false},"excerpt":{"rendered":"<p><a href=\"https:\/\/querendona.com\/mx\/tienda\/salsa-habanero\/\">Salsa Habanero Querendona<\/a> es una salsa artesanal elaborada con chiles habaneros frescos, 100% natural y sin sabores artificiales. Intensa, picante y llena de sabor, es ideal para quienes disfrutan el picor en alitas y botanas.<\/p>\n","protected":false},"featured_media":3614,"comment_status":"open","ping_status":"closed","template":"","meta":[],"product_brand":[],"product_cat":[23],"product_tag":[],"class_list":{"0":"post-871","1":"product","2":"type-product","3":"status-publish","4":"has-post-thumbnail","6":"product_cat-salsas-para-alitas","8":"first","9":"instock","10":"shipping-taxable","11":"purchasable","12":"product-type-variable"},"jetpack_sharing_enabled":true,"_links":{"self":[{"href":"https:\/\/querendona.com\/mx\/wp-json\/wp\/v2\/product\/871","targetHints":{"allow":["GET"]}}],"collection":[{"href":"https:\/\/querendona.com\/mx\/wp-json\/wp\/v2\/product"}],"about":[{"href":"https:\/\/querendona.com\/mx\/wp-json\/wp\/v2\/types\/product"}],"replies":[{"embeddable":true,"href":"https:\/\/querendona.com\/mx\/wp-json\/wp\/v2\/comments?post=871"}],"version-history":[{"count":5,"href":"https:\/\/querendona.com\/mx\/wp-json\/wp\/v2\/product\/871\/revisions"}],"predecessor-version":[{"id":3180,"href":"https:\/\/querendona.com\/mx\/wp-json\/wp\/v2\/product\/871\/revisions\/3180"}],"wp:featuredmedia":[{"embeddable":true,"href":"https:\/\/querendona.com\/mx\/wp-json\/wp\/v2\/media\/3614"}],"wp:attachment":[{"href":"https:\/\/querendona.com\/mx\/wp-json\/wp\/v2\/media?parent=871"}],"wp:term":[{"taxonomy":"product_brand","embeddable":true,"href":"https:\/\/querendona.com\/mx\/wp-json\/wp\/v2\/product_brand?post=871"},{"taxonomy":"product_cat","embeddable":true,"href":"https:\/\/querendona.com\/mx\/wp-json\/wp\/v2\/product_cat?post=871"},{"taxonomy":"product_tag","embeddable":true,"href":"https:\/\/querendona.com\/mx\/wp-json\/wp\/v2\/product_tag?post=871"}],"curies":[{"name":"wp","href":"https:\/\/api.w.org\/{rel}","templated":true}]}}