{"id":883,"date":"2024-10-12T06:21:58","date_gmt":"2024-10-12T06:21:58","guid":{"rendered":"https:\/\/querendona.com\/mx\/?post_type=product&#038;p=883"},"modified":"2026-04-21T01:30:36","modified_gmt":"2026-04-21T07:30:36","slug":"salsa-pina-jengibre","status":"publish","type":"product","link":"https:\/\/querendona.com\/mx\/tienda\/salsa-pina-jengibre\/","title":{"rendered":"Salsa Pi\u00f1a Jengibre"},"content":{"rendered":"<p>La Salsa de Pi\u00f1a Jengibre de la Querendona es una deliciosa combinaci\u00f3n de dulzura tropical y jengibre picante, con un toque de chile cayenne para a\u00f1adir un leve toque de picor imperceptible . Esta salsa tiene el equilibrio perfecto entre sabores dulces y el caracter\u00edstico sabor del jengibre que se complementan a la perfecci\u00f3n, convirti\u00e9ndola en una excelente opci\u00f3n para darle un giro \u00fanico a tus recetas favoritas. Elaborada artesanalmente en peque\u00f1as cantidades puedes disfrutar de su aut\u00e9ntico sabor ya sea que la uses como marinada para tus alitas, puerco, aderezo para tus ensaladas o salsa para tus platillos, nuestra salsa es vers\u00e1til y deliciosa.<\/p>\n","protected":false},"excerpt":{"rendered":"<p>La Salsa de Pi\u00f1a Jengibre de la Querendona es una deliciosa combinaci\u00f3n de dulzura tropical y jengibre picante, con un toque de chile cayenne para a\u00f1adir un leve toque de picor imperceptible . Esta salsa tiene el equilibrio perfecto entre sabores dulces y el caracter\u00edstico sabor del jengibre que se complementan a la perfecci\u00f3n, convirti\u00e9ndola [&hellip;]<\/p>\n","protected":false},"featured_media":4280,"comment_status":"open","ping_status":"closed","template":"","meta":[],"product_brand":[],"product_cat":[23],"product_tag":[],"class_list":{"0":"post-883","1":"product","2":"type-product","3":"status-publish","4":"has-post-thumbnail","6":"product_cat-salsas-para-alitas","8":"first","9":"instock","10":"shipping-taxable","11":"purchasable","12":"product-type-variable","13":"has-default-attributes"},"jetpack_sharing_enabled":true,"_links":{"self":[{"href":"https:\/\/querendona.com\/mx\/wp-json\/wp\/v2\/product\/883","targetHints":{"allow":["GET"]}}],"collection":[{"href":"https:\/\/querendona.com\/mx\/wp-json\/wp\/v2\/product"}],"about":[{"href":"https:\/\/querendona.com\/mx\/wp-json\/wp\/v2\/types\/product"}],"replies":[{"embeddable":true,"href":"https:\/\/querendona.com\/mx\/wp-json\/wp\/v2\/comments?post=883"}],"version-history":[{"count":3,"href":"https:\/\/querendona.com\/mx\/wp-json\/wp\/v2\/product\/883\/revisions"}],"predecessor-version":[{"id":4599,"href":"https:\/\/querendona.com\/mx\/wp-json\/wp\/v2\/product\/883\/revisions\/4599"}],"wp:featuredmedia":[{"embeddable":true,"href":"https:\/\/querendona.com\/mx\/wp-json\/wp\/v2\/media\/4280"}],"wp:attachment":[{"href":"https:\/\/querendona.com\/mx\/wp-json\/wp\/v2\/media?parent=883"}],"wp:term":[{"taxonomy":"product_brand","embeddable":true,"href":"https:\/\/querendona.com\/mx\/wp-json\/wp\/v2\/product_brand?post=883"},{"taxonomy":"product_cat","embeddable":true,"href":"https:\/\/querendona.com\/mx\/wp-json\/wp\/v2\/product_cat?post=883"},{"taxonomy":"product_tag","embeddable":true,"href":"https:\/\/querendona.com\/mx\/wp-json\/wp\/v2\/product_tag?post=883"}],"curies":[{"name":"wp","href":"https:\/\/api.w.org\/{rel}","templated":true}]}}