{"id":97,"date":"2024-08-22T17:25:46","date_gmt":"2024-08-22T17:25:46","guid":{"rendered":"https:\/\/querendona.com\/mx\/?post_type=product&#038;p=97"},"modified":"2026-04-21T01:35:16","modified_gmt":"2026-04-21T07:35:16","slug":"salsa-buffalo","status":"publish","type":"product","link":"https:\/\/querendona.com\/mx\/tienda\/salsa-buffalo\/","title":{"rendered":"Salsa Buffalo"},"content":{"rendered":"<p>Nuestra salsa Buffalo es una explosi\u00f3n de sabor que promete convertir cualquier plato en una experiencia picante y deliciosa. Elaborada con una base de chile cayenne, que le otorga ese calor caracter\u00edstico y apasionante, esta salsa es el alma de la fiesta en el mundo de los sabores. Ya sea que est\u00e9s rociando tus alitas de pollo, aderezando tu pizza favorita o d\u00e1ndole un giro picante a tus hamburguesas, la salsa Buffalo es tu aliada perfecta.<\/p>\n","protected":false},"excerpt":{"rendered":"<p>Nuestra <a href=\"https:\/\/querendona.com\/mx\/salsa-buffalo\/\">Salsa Buffalo<\/a> querendona es una explosi\u00f3n de sabor que promete convertir cualquier plato en una experiencia picante y deliciosa. Elaborada con una base de chile cayena, que le otorga ese calor caracter\u00edstico y apasionante, esta salsa es el alma de la fiesta en el mundo de los sabores. Ya sea que est\u00e9s rociando tus alitas de pollo, aderezando tu pizza favorita o d\u00e1ndole un giro picante a tus hamburguesas, la salsa Buffalo es tu aliada perfecta.<\/p>\n","protected":false},"featured_media":4279,"comment_status":"open","ping_status":"closed","template":"","meta":[],"product_brand":[],"product_cat":[23],"product_tag":[28,42,27],"class_list":{"0":"post-97","1":"product","2":"type-product","3":"status-publish","4":"has-post-thumbnail","6":"product_cat-salsas-para-alitas","7":"product_tag-alitas","8":"product_tag-buffalo","9":"product_tag-salsas-para-alitas","11":"first","12":"instock","13":"shipping-taxable","14":"purchasable","15":"product-type-variable"},"jetpack_sharing_enabled":true,"_links":{"self":[{"href":"https:\/\/querendona.com\/mx\/wp-json\/wp\/v2\/product\/97","targetHints":{"allow":["GET"]}}],"collection":[{"href":"https:\/\/querendona.com\/mx\/wp-json\/wp\/v2\/product"}],"about":[{"href":"https:\/\/querendona.com\/mx\/wp-json\/wp\/v2\/types\/product"}],"replies":[{"embeddable":true,"href":"https:\/\/querendona.com\/mx\/wp-json\/wp\/v2\/comments?post=97"}],"version-history":[{"count":4,"href":"https:\/\/querendona.com\/mx\/wp-json\/wp\/v2\/product\/97\/revisions"}],"predecessor-version":[{"id":4594,"href":"https:\/\/querendona.com\/mx\/wp-json\/wp\/v2\/product\/97\/revisions\/4594"}],"wp:featuredmedia":[{"embeddable":true,"href":"https:\/\/querendona.com\/mx\/wp-json\/wp\/v2\/media\/4279"}],"wp:attachment":[{"href":"https:\/\/querendona.com\/mx\/wp-json\/wp\/v2\/media?parent=97"}],"wp:term":[{"taxonomy":"product_brand","embeddable":true,"href":"https:\/\/querendona.com\/mx\/wp-json\/wp\/v2\/product_brand?post=97"},{"taxonomy":"product_cat","embeddable":true,"href":"https:\/\/querendona.com\/mx\/wp-json\/wp\/v2\/product_cat?post=97"},{"taxonomy":"product_tag","embeddable":true,"href":"https:\/\/querendona.com\/mx\/wp-json\/wp\/v2\/product_tag?post=97"}],"curies":[{"name":"wp","href":"https:\/\/api.w.org\/{rel}","templated":true}]}}